{"id":2990,"date":"2023-08-14T16:05:02","date_gmt":"2023-08-14T16:05:02","guid":{"rendered":"https:\/\/www.velamont.com\/aviso-legal\/"},"modified":"2024-10-15T18:35:41","modified_gmt":"2024-10-15T18:35:41","slug":"aviso-legal","status":"publish","type":"page","link":"https:\/\/www.velamont.com\/es\/aviso-legal\/","title":{"rendered":"Aviso legal"},"content":{"rendered":"<div class=\"fusion-fullwidth fullwidth-box fusion-builder-row-1 fusion-flex-container has-pattern-background has-mask-background nonhundred-percent-fullwidth non-hundred-percent-height-scrolling\" style=\"--awb-border-radius-top-left:0px;--awb-border-radius-top-right:0px;--awb-border-radius-bottom-right:0px;--awb-border-radius-bottom-left:0px;\" ><div class=\"fusion-builder-row fusion-row fusion-flex-align-items-flex-start\" style=\"max-width:calc( 1200px + 80px );margin-left: calc(-80px \/ 2 );margin-right: calc(-80px \/ 2 );\"><div class=\"fusion-layout-column fusion_builder_column fusion-builder-column-0 fusion_builder_column_1_1 1_1 fusion-flex-column\" style=\"--awb-bg-size:cover;--awb-width-large:100%;--awb-margin-top-large:0px;--awb-spacing-right-large:40px;--awb-margin-bottom-large:20px;--awb-spacing-left-large:40px;--awb-width-medium:100%;--awb-order-medium:0;--awb-spacing-right-medium:40px;--awb-spacing-left-medium:40px;--awb-width-small:100%;--awb-order-small:0;--awb-spacing-right-small:40px;--awb-spacing-left-small:40px;\"><div class=\"fusion-column-wrapper fusion-column-has-shadow fusion-flex-justify-content-flex-start fusion-content-layout-column\"><div class=\"fusion-text fusion-text-1\"><p><strong>Propietario del sitio web y datos de contacto<\/strong><\/p>\n<p>www.velamont.com es un dominio en Internet propiedad de VELAMONT INSTAL-LACIONS, S.L. con CIF\/NIF B04963930 y domicilio en Carrer Cardener, 10 &#8211; 08024 BARCELONA.<\/p>\n<p>La finalidad de la p\u00e1gina web es proporcionar informaci\u00f3n comercial sobre los productos que distribuimos, as\u00ed como abrir un canal de contacto entre el potencial cliente o cliente, a trav\u00e9s de esta p\u00e1gina web.<\/p>\n<p>Puede ponerse en contacto con nosotros:<\/p>\n<p>Por tel\u00e9fono, en el n\u00famero 93 210 10 90<\/p>\n<p>Por correo electr\u00f3nico, escribiendo a instalvelamont@velamont.com<\/p>\n<p>Por escrito, contactar con VELAMONT INSTAL\u00b7LACIONS, S.L., C\/Cardener, 10 &#8211; 08024 BARCELONA<\/p>\n<p>Para cualquier aclaraci\u00f3n no dude en ponerse en contacto con VELAMONT INSTAL\u00b7LACIONS, S.L.<\/p>\n<p><strong>Condiciones de uso del sitio web<\/strong><\/p>\n<p>Las presentes condiciones de uso regulan el acceso a este sitio web por parte de los clientes de VELAMONT INSTAL\u00b7LACIONS, S.L. y dem\u00e1s usuarios de Internet. Por el mero hecho de utilizar este sitio web, el usuario declara aceptar sin reservas las presentes condiciones de uso.<\/p>\n<p>VELAMONT INSTAL\u00b7LACIONS, S.L. se reserva el derecho unilateral de modificar las presentes condiciones de acceso a la web, as\u00ed como los contenidos en ella incluidos.<\/p>\n<p><strong>Limitaci\u00f3n y exclusi\u00f3n de responsabilidad<\/strong><\/p>\n<p>El contenido de este sitio web es de car\u00e1cter general y tiene una finalidad y efectos exclusivamente informativos. VELAMONT INSTAL\u00b7LACIONS, S.L. rechaza la responsabilidad sobre cualquier informaci\u00f3n no elaborada por ella o publicada en su nombre de forma no autorizada por ella, as\u00ed como la responsabilidad que se derive de la mala utilizaci\u00f3n por terceros de los contenidos.<\/p>\n<p>El usuario exonera a VELAMONT INSTAL\u00b7LACIONS, S.L. de cualquier responsabilidad que pudiera derivarse de las interrupciones en la disponibilidad del sitio web, ya sea por mal funcionamiento del servidor web o de aplicaciones, de la infraestructura de comunicaciones, o del software y hardware utilizados para la navegaci\u00f3n.<\/p>\n<p>En el caso de incluir enlaces a otras p\u00e1ginas web, VELAMONT INSTAL\u00b7LACIONS, S.L. declina cualquier responsabilidad relacionada con el acceso y utilizaci\u00f3n de dichos enlaces.<\/p>\n<p><strong>Propiedad intelectual e industrial<\/strong><\/p>\n<p>La totalidad de este sitio web est\u00e1 protegida por las leyes de Propiedad Intelectual e Industrial. Salvo indicaci\u00f3n contraria, los derechos de propiedad intelectual sobre estos contenidos corresponden exclusivamente a VELAMONT INSTAL\u00b7LACIONS, S.L. El usuario reconoce que el uso de los contenidos est\u00e1 estrictamente limitado a sus fines personales y que cualquier reproducci\u00f3n, distribuci\u00f3n, comunicaci\u00f3n o transformaci\u00f3n no autorizada de estas obras constituye una infracci\u00f3n de los derechos de propiedad intelectual.<\/p>\n<p>Asimismo, el usuario se abstendr\u00e1 de emplear los contenidos y, en particular, la informaci\u00f3n de cualquier clase obtenida a trav\u00e9s de la web para remitir publicidad, comunicaciones con fines de venta directa o con cualquier otra clase de finalidad comercial, mensajes no solicitados dirigidos a una pluralidad de personas con independencia de su finalidad. Tambi\u00e9n se abstendr\u00e1 de comercializar o divulgar esta informaci\u00f3n de cualquier modo.<\/p>\n<p>www.velamont.com es un dominio de VELAMONT INSTAL\u00b7LACIONS, S.L. No puede utilizarse, salvo autorizaci\u00f3n expresa previa, en conexi\u00f3n con otros productos o servicios que no sean de VELAMONT INSTAL\u00b7LACIONS, S.L. de ninguna manera que pueda causar confusi\u00f3n entre nuestros clientes o desacreditar a VELAMONT INSTAL\u00b7LACIONS, S.L.<\/p>\n<p><strong>Pol\u00edtica de enlaces a este sitio web<\/strong><\/p>\n<p>Si cualquier usuario, entidad o p\u00e1gina web deseara establecer alg\u00fan tipo de enlace con destino a este sitio web, deber\u00e1 solicitar autorizaci\u00f3n previa a la realizaci\u00f3n del enlace y por escrito.<\/p>\n<p>Adem\u00e1s, s\u00f3lo se permite enlazar a la p\u00e1gina de inicio del sitio web. El enlace debe ser absoluto y completo, es decir, debe llevar al usuario a la direcci\u00f3n de VELAMONT INSTAL\u00b7LACIONS, S.L. que abarque completamente la extensi\u00f3n de la pantalla de la p\u00e1gina que contiene el enlace. En ning\u00fan caso, salvo autorizaci\u00f3n expresa y por escrito de VELAMONT INSTAL\u00b7LACIONS, S.L., la p\u00e1gina que realice el enlace podr\u00e1 reproducir de cualquier manera el sitio web de VELAMONT incluirlo como parte de su web o dentro de uno de sus \u00abframes\u00bb en cualquiera de las p\u00e1ginas o contenidos de este sitio web.<\/p>\n<p>No se incluir\u00e1 ninguna manifestaci\u00f3n falsa, inexacta o incorrecta sobre las p\u00e1ginas de este sitio web o los servicios que en \u00e9l se ofrecen.<\/p>\n<p>El enlace no contendr\u00e1 ninguna marca, nombre comercial, r\u00f3tulo de establecimiento, denominaci\u00f3n, logotipo, eslogan u otros signos distintivos pertenecientes a VELAMONT INSTAL\u00b7LACIONS, S.L.<\/p>\n<p>En cualquier caso, VELAMONT INSTAL\u00b7LACIONS, S.L. no ser\u00e1 responsable de los contenidos o servicios puestos a disposici\u00f3n del p\u00fablico en la p\u00e1gina web desde la que se realice el hiperenlace ni de las informaciones y manifestaciones incluidas en las mismas.<\/p>\n<p><strong>Protecci\u00f3n de datos personales<\/strong><\/p>\n<p>El uso de este sitio web y sus formularios requiere la aceptaci\u00f3n del tratamiento de los datos del usuario de acuerdo con nuestra pol\u00edtica de privacidad, incluida la recogida de datos de acceso y el env\u00edo de informaci\u00f3n comercial por v\u00eda electr\u00f3nica.<\/p>\n<p>Lea atentamente nuestra pol\u00edtica de privacidad para saber c\u00f3mo utilizamos los datos de los usuarios y c\u00f3mo ejercer sus derechos de acceso, rectificaci\u00f3n, cancelaci\u00f3n y oposici\u00f3n.<\/p>\n<p><strong>Cookies<\/strong><\/p>\n<p>Este sitio web utiliza cookies propias y de terceros para diversos fines, entre ellos la anal\u00edtica y la publicidad adaptada a los intereses del usuario. El uso de este sitio web con las cookies activadas en su navegador implica la aceptaci\u00f3n de su tratamiento conforme a nuestra pol\u00edtica de cookies.<\/p>\n<p>Lea atentamente nuestra pol\u00edtica de cookies para conocer los tipos de cookies utilizadas y c\u00f3mo bloquearlas o eliminarlas en su navegador.<\/p>\n<p><strong>Prevalencia de la versi\u00f3n espa\u00f1ola<\/strong><\/p>\n<p>En el caso de que este aviso legal est\u00e9 traducido a otros idiomas, en caso de discrepancia, prevalecer\u00e1 la versi\u00f3n espa\u00f1ola.<\/p>\n<p><strong>Legislaci\u00f3n y jurisdicci\u00f3n aplicables<\/strong><\/p>\n<p>El presente Aviso Legal as\u00ed como las relaciones entre VELAMONT INSTAL\u00b7LACIONS, S.L. y los usuarios, se regir\u00e1n por la normativa espa\u00f1ola vigente y cualquier controversia se someter\u00e1 a los Juzgados y Tribunales de BARCELONA, salvo en el caso de consumidores y usuarios que se aplicar\u00e1 el fuero imperativo de los juzgados y tribunales correspondientes a su domicilio.<\/p>\n<\/div><\/div><\/div><\/div><\/div>\n","protected":false},"excerpt":{"rendered":"","protected":false},"author":2,"featured_media":0,"parent":0,"menu_order":0,"comment_status":"closed","ping_status":"closed","template":"","meta":{"footnotes":""},"class_list":["post-2990","page","type-page","status-publish","hentry"],"yoast_head":"<!-- This site is optimized with the Yoast SEO plugin v27.0 - https:\/\/yoast.com\/product\/yoast-seo-wordpress\/ -->\n<title>Aviso legal - Velamont<\/title>\n<meta name=\"description\" content=\"Velamont.com es un dominio en Internet propiedad de VELAMONT INSTAL-LACIONS, S.L. con CIF\/NIF B04963930 y domicilio en Carrer Cardener ...\" \/>\n<meta name=\"robots\" content=\"index, follow, max-snippet:-1, max-image-preview:large, max-video-preview:-1\" \/>\n<link rel=\"canonical\" href=\"https:\/\/www.velamont.com\/es\/aviso-legal\/\" \/>\n<meta property=\"og:locale\" content=\"es_ES\" \/>\n<meta property=\"og:type\" content=\"article\" \/>\n<meta property=\"og:title\" content=\"Aviso legal - Velamont\" \/>\n<meta property=\"og:description\" content=\"Velamont.com es un dominio en Internet propiedad de VELAMONT INSTAL-LACIONS, S.L. con CIF\/NIF B04963930 y domicilio en Carrer Cardener ...\" \/>\n<meta property=\"og:url\" content=\"https:\/\/www.velamont.com\/es\/aviso-legal\/\" \/>\n<meta property=\"og:site_name\" content=\"Velamont\" \/>\n<meta property=\"article:publisher\" content=\"https:\/\/www.facebook.com\/profile.php?id=100091769696948\" \/>\n<meta property=\"article:modified_time\" content=\"2024-10-15T18:35:41+00:00\" \/>\n<meta name=\"twitter:card\" content=\"summary_large_image\" \/>\n<meta name=\"twitter:title\" content=\"Aviso legal - Velamont\" \/>\n<meta name=\"twitter:description\" content=\"Velamont.com es un dominio en Internet propiedad de VELAMONT INSTAL-LACIONS, S.L. con CIF\/NIF B04963930 y domicilio en Carrer Cardener ...\" \/>\n<meta name=\"twitter:label1\" content=\"Tiempo de lectura\" \/>\n\t<meta name=\"twitter:data1\" content=\"6 minutos\" \/>\n<script type=\"application\/ld+json\" class=\"yoast-schema-graph\">{\"@context\":\"https:\/\/schema.org\",\"@graph\":[{\"@type\":\"WebPage\",\"@id\":\"https:\/\/www.velamont.com\/es\/aviso-legal\/\",\"url\":\"https:\/\/www.velamont.com\/es\/aviso-legal\/\",\"name\":\"Aviso legal - Velamont\",\"isPartOf\":{\"@id\":\"https:\/\/www.velamont.com\/#website\"},\"datePublished\":\"2023-08-14T16:05:02+00:00\",\"dateModified\":\"2024-10-15T18:35:41+00:00\",\"description\":\"Velamont.com es un dominio en Internet propiedad de VELAMONT INSTAL-LACIONS, S.L. con CIF\/NIF B04963930 y domicilio en Carrer Cardener ...\",\"breadcrumb\":{\"@id\":\"https:\/\/www.velamont.com\/es\/aviso-legal\/#breadcrumb\"},\"inLanguage\":\"es\",\"potentialAction\":[{\"@type\":\"ReadAction\",\"target\":[\"https:\/\/www.velamont.com\/es\/aviso-legal\/\"]}]},{\"@type\":\"BreadcrumbList\",\"@id\":\"https:\/\/www.velamont.com\/es\/aviso-legal\/#breadcrumb\",\"itemListElement\":[{\"@type\":\"ListItem\",\"position\":1,\"name\":\"Inici\",\"item\":\"https:\/\/www.velamont.com\/es\/inicio\/\"},{\"@type\":\"ListItem\",\"position\":2,\"name\":\"Aviso legal\"}]},{\"@type\":\"WebSite\",\"@id\":\"https:\/\/www.velamont.com\/#website\",\"url\":\"https:\/\/www.velamont.com\/\",\"name\":\"Velamont\",\"description\":\"Instal\u00b7lacions i manteniment de tot tipus per particulars i empreses.\",\"publisher\":{\"@id\":\"https:\/\/www.velamont.com\/#organization\"},\"potentialAction\":[{\"@type\":\"SearchAction\",\"target\":{\"@type\":\"EntryPoint\",\"urlTemplate\":\"https:\/\/www.velamont.com\/?s={search_term_string}\"},\"query-input\":{\"@type\":\"PropertyValueSpecification\",\"valueRequired\":true,\"valueName\":\"search_term_string\"}}],\"inLanguage\":\"es\"},{\"@type\":\"Organization\",\"@id\":\"https:\/\/www.velamont.com\/#organization\",\"name\":\"Velamont S.L.\",\"url\":\"https:\/\/www.velamont.com\/\",\"logo\":{\"@type\":\"ImageObject\",\"inLanguage\":\"es\",\"@id\":\"https:\/\/www.velamont.com\/#\/schema\/logo\/image\/\",\"url\":\"https:\/\/www.velamont.com\/wp-content\/uploads\/2023\/06\/Logo_velamont_verd_269x102-e1686761692886.png\",\"contentUrl\":\"https:\/\/www.velamont.com\/wp-content\/uploads\/2023\/06\/Logo_velamont_verd_269x102-e1686761692886.png\",\"width\":200,\"height\":76,\"caption\":\"Velamont S.L.\"},\"image\":{\"@id\":\"https:\/\/www.velamont.com\/#\/schema\/logo\/image\/\"},\"sameAs\":[\"https:\/\/www.facebook.com\/profile.php?id=100091769696948\",\"https:\/\/www.instagram.com\/instalvelamont\/\",\"https:\/\/www.linkedin.com\/company\/velamont-installacions-s-l\/\"]}]}<\/script>\n<!-- \/ Yoast SEO plugin. -->","yoast_head_json":{"title":"Aviso legal - Velamont","description":"Velamont.com es un dominio en Internet propiedad de VELAMONT INSTAL-LACIONS, S.L. con CIF\/NIF B04963930 y domicilio en Carrer Cardener ...","robots":{"index":"index","follow":"follow","max-snippet":"max-snippet:-1","max-image-preview":"max-image-preview:large","max-video-preview":"max-video-preview:-1"},"canonical":"https:\/\/www.velamont.com\/es\/aviso-legal\/","og_locale":"es_ES","og_type":"article","og_title":"Aviso legal - Velamont","og_description":"Velamont.com es un dominio en Internet propiedad de VELAMONT INSTAL-LACIONS, S.L. con CIF\/NIF B04963930 y domicilio en Carrer Cardener ...","og_url":"https:\/\/www.velamont.com\/es\/aviso-legal\/","og_site_name":"Velamont","article_publisher":"https:\/\/www.facebook.com\/profile.php?id=100091769696948","article_modified_time":"2024-10-15T18:35:41+00:00","twitter_card":"summary_large_image","twitter_title":"Aviso legal - Velamont","twitter_description":"Velamont.com es un dominio en Internet propiedad de VELAMONT INSTAL-LACIONS, S.L. con CIF\/NIF B04963930 y domicilio en Carrer Cardener ...","twitter_misc":{"Tiempo de lectura":"6 minutos"},"schema":{"@context":"https:\/\/schema.org","@graph":[{"@type":"WebPage","@id":"https:\/\/www.velamont.com\/es\/aviso-legal\/","url":"https:\/\/www.velamont.com\/es\/aviso-legal\/","name":"Aviso legal - Velamont","isPartOf":{"@id":"https:\/\/www.velamont.com\/#website"},"datePublished":"2023-08-14T16:05:02+00:00","dateModified":"2024-10-15T18:35:41+00:00","description":"Velamont.com es un dominio en Internet propiedad de VELAMONT INSTAL-LACIONS, S.L. con CIF\/NIF B04963930 y domicilio en Carrer Cardener ...","breadcrumb":{"@id":"https:\/\/www.velamont.com\/es\/aviso-legal\/#breadcrumb"},"inLanguage":"es","potentialAction":[{"@type":"ReadAction","target":["https:\/\/www.velamont.com\/es\/aviso-legal\/"]}]},{"@type":"BreadcrumbList","@id":"https:\/\/www.velamont.com\/es\/aviso-legal\/#breadcrumb","itemListElement":[{"@type":"ListItem","position":1,"name":"Inici","item":"https:\/\/www.velamont.com\/es\/inicio\/"},{"@type":"ListItem","position":2,"name":"Aviso legal"}]},{"@type":"WebSite","@id":"https:\/\/www.velamont.com\/#website","url":"https:\/\/www.velamont.com\/","name":"Velamont","description":"Instal\u00b7lacions i manteniment de tot tipus per particulars i empreses.","publisher":{"@id":"https:\/\/www.velamont.com\/#organization"},"potentialAction":[{"@type":"SearchAction","target":{"@type":"EntryPoint","urlTemplate":"https:\/\/www.velamont.com\/?s={search_term_string}"},"query-input":{"@type":"PropertyValueSpecification","valueRequired":true,"valueName":"search_term_string"}}],"inLanguage":"es"},{"@type":"Organization","@id":"https:\/\/www.velamont.com\/#organization","name":"Velamont S.L.","url":"https:\/\/www.velamont.com\/","logo":{"@type":"ImageObject","inLanguage":"es","@id":"https:\/\/www.velamont.com\/#\/schema\/logo\/image\/","url":"https:\/\/www.velamont.com\/wp-content\/uploads\/2023\/06\/Logo_velamont_verd_269x102-e1686761692886.png","contentUrl":"https:\/\/www.velamont.com\/wp-content\/uploads\/2023\/06\/Logo_velamont_verd_269x102-e1686761692886.png","width":200,"height":76,"caption":"Velamont S.L."},"image":{"@id":"https:\/\/www.velamont.com\/#\/schema\/logo\/image\/"},"sameAs":["https:\/\/www.facebook.com\/profile.php?id=100091769696948","https:\/\/www.instagram.com\/instalvelamont\/","https:\/\/www.linkedin.com\/company\/velamont-installacions-s-l\/"]}]}},"_links":{"self":[{"href":"https:\/\/www.velamont.com\/es\/wp-json\/wp\/v2\/pages\/2990","targetHints":{"allow":["GET"]}}],"collection":[{"href":"https:\/\/www.velamont.com\/es\/wp-json\/wp\/v2\/pages"}],"about":[{"href":"https:\/\/www.velamont.com\/es\/wp-json\/wp\/v2\/types\/page"}],"author":[{"embeddable":true,"href":"https:\/\/www.velamont.com\/es\/wp-json\/wp\/v2\/users\/2"}],"replies":[{"embeddable":true,"href":"https:\/\/www.velamont.com\/es\/wp-json\/wp\/v2\/comments?post=2990"}],"version-history":[{"count":2,"href":"https:\/\/www.velamont.com\/es\/wp-json\/wp\/v2\/pages\/2990\/revisions"}],"predecessor-version":[{"id":3870,"href":"https:\/\/www.velamont.com\/es\/wp-json\/wp\/v2\/pages\/2990\/revisions\/3870"}],"wp:attachment":[{"href":"https:\/\/www.velamont.com\/es\/wp-json\/wp\/v2\/media?parent=2990"}],"curies":[{"name":"wp","href":"https:\/\/api.w.org\/{rel}","templated":true}]}}