{"id":3007,"date":"2023-08-14T16:45:23","date_gmt":"2023-08-14T16:45:23","guid":{"rendered":"https:\/\/www.velamont.com\/politica-de-privacidad\/"},"modified":"2024-10-15T18:27:17","modified_gmt":"2024-10-15T18:27:17","slug":"politica-de-privacidad","status":"publish","type":"page","link":"https:\/\/www.velamont.com\/es\/politica-de-privacidad\/","title":{"rendered":"Pol\u00edtica de privacidad"},"content":{"rendered":"<div class=\"fusion-fullwidth fullwidth-box fusion-builder-row-1 fusion-flex-container has-pattern-background has-mask-background nonhundred-percent-fullwidth non-hundred-percent-height-scrolling\" style=\"--awb-border-radius-top-left:0px;--awb-border-radius-top-right:0px;--awb-border-radius-bottom-right:0px;--awb-border-radius-bottom-left:0px;\" ><div class=\"fusion-builder-row fusion-row fusion-flex-align-items-flex-start\" style=\"max-width:calc( 1200px + 80px );margin-left: calc(-80px \/ 2 );margin-right: calc(-80px \/ 2 );\"><div class=\"fusion-layout-column fusion_builder_column fusion-builder-column-0 fusion_builder_column_1_1 1_1 fusion-flex-column\" style=\"--awb-bg-size:cover;--awb-width-large:100%;--awb-margin-top-large:0px;--awb-spacing-right-large:40px;--awb-margin-bottom-large:20px;--awb-spacing-left-large:40px;--awb-width-medium:100%;--awb-order-medium:0;--awb-spacing-right-medium:40px;--awb-spacing-left-medium:40px;--awb-width-small:100%;--awb-order-small:0;--awb-spacing-right-small:40px;--awb-spacing-left-small:40px;\"><div class=\"fusion-column-wrapper fusion-column-has-shadow fusion-flex-justify-content-flex-start fusion-content-layout-column\"><div class=\"fusion-text fusion-text-1\"><p>El uso de este sitio web y sus formularios requiere la aceptaci\u00f3n del tratamiento de los datos del usuario de acuerdo con esta pol\u00edtica de privacidad, incluida la recogida de datos de acceso y el env\u00edo de informaci\u00f3n comercial por v\u00eda electr\u00f3nica.<\/p>\n<p><strong>Responsable del tratamiento de datos y datos de contacto<\/strong><\/p>\n<p>El responsable es: VELAMONT INSTAL\u00b7LACIONS, S.L.<\/p>\n<p>Direcci\u00f3n: C\/Cardener, 10 &#8211; 08024 BARCELONA<\/p>\n<p>Datos de contacto del responsable:<\/p>\n<p>Tel\u00e9fono: <a href=\"tel:+34932101090\">93 210 10 90 <\/a><\/p>\n<p>Correo electr\u00f3nico: <a href=\"mailto:instalvelamont@velamont.com\" target=\"_blank\" rel=\"noopener\">instalvelamont@velamont.com<\/a><\/p>\n<p><strong>Finalidad del tratamiento de datos<\/strong><\/p>\n<p>Los datos son tratados con la finalidad de facilitar el acceso a los contenidos online de la web as\u00ed como para responder a las solicitudes de los usuarios de la web, mantener un registro de visitas (direcciones IP, datos del navegador, pa\u00eds, p\u00e1gina accedida, etc.) con fines estad\u00edsticos, aplicar medidas encaminadas a la seguridad de la web, as\u00ed como, en su caso, enviar informaci\u00f3n comercial sobre nuestros productos y servicios por medios electr\u00f3nicos.<\/p>\n<p>En caso de cumplimentar alguno de los formularios, ser\u00e1 necesario facilitar determinados datos de car\u00e1cter personal, que ser\u00e1n tratados con la finalidad para la que se solicitan.<\/p>\n<p><strong>Legitimaci\u00f3n<\/strong><\/p>\n<p>Los datos se procesan sobre la base del consentimiento del usuario, el cumplimiento de obligaciones legales, si es necesario para la ejecuci\u00f3n de un contrato o precontrato.<\/p>\n<p><strong>Destinatarios y tranferencias<\/strong><\/p>\n<p>Destinatarios: VELAMONT y empresas del grupo.<\/p>\n<p>No se prev\u00e9 la transferencia internacional (fuera del Espacio Econ\u00f3mico Europeo), salvo a efectos de embalaje, y en todo caso sobre la base de la existencia de una decisi\u00f3n de adecuaci\u00f3n, basada en la existencia de garant\u00edas suficientes, as\u00ed como las entidades adheridas al acuerdo del escudo de privacidad <a href=\"(http:\/www.privacyshield.gov).\">(http:\/\/www.privacyshield.gov).<\/a><\/p>\n<p><strong>Periodo de conservaci\u00f3n de datos<\/strong><\/p>\n<p>Al menos durante los plazos establecidos por la legislaci\u00f3n aplicable y, en todo caso, mientras se mantenga la vigencia del consentimiento.<\/p>\n<p><strong>Derechos de las personas<\/strong><\/p>\n<p>Los afectados tienen derecho a: acceder, rectificar y suprimir sus datos, solicitar la portabilidad de sus datos, oponerse al tratamiento o solicitar su limitaci\u00f3n y a retirar el consentimiento prestado, en su caso.<\/p>\n<p>Por ello, puede enviar su solicitud por escrito o por correo electr\u00f3nico a la direcci\u00f3n del responsable, incluyendo la referencia \u00abProtecci\u00f3n de datos\u00bb.<\/p>\n<p>Para facilitar su identificaci\u00f3n, recomendamos al titular de los datos que adjunte a la solicitud una copia de su DNI o pasaporte.<\/p>\n<p>Los afectados tambi\u00e9n pueden presentar una denuncia ante la Autoridad de Control de Protecci\u00f3n de Datos.<\/p>\n<p><strong>Exactitud y actualizaci\u00f3n de los datos<\/strong><\/p>\n<p>El usuario debe rellenar los formularios con datos veraces, exactos, completos y actuales. El usuario no introducir\u00e1 datos correspondientes a otra persona. VELAMONT presumir\u00e1 que los datos han sido facilitados por el titular de los mismos. El usuario ser\u00e1 el \u00fanico responsable de cualquier da\u00f1o o perjuicio, directo o indirecto, que pudiera ocasionar a cualquier persona a causa de la cumplimentaci\u00f3n del formulario con datos falsos, inexactos, incompletos o no veraces o relativos a otra persona.<\/p>\n<p>El usuario deber\u00e1 comunicar cualquier modificaci\u00f3n de los datos facilitados con el fin de mantener sus datos debidamente actualizados.<\/p>\n<p><strong>Seguridad de la informaci\u00f3n<\/strong><\/p>\n<p>VELAMONT ha adoptado todas las medidas legalmente necesarias para la protecci\u00f3n de los datos personales. Asimismo, ha adoptado todos los dispositivos t\u00e9cnicos a su alcance para evitar la p\u00e9rdida, mal uso, alteraci\u00f3n, acceso o robo de los datos personales facilitados por los usuarios de la web. No obstante, el usuario tendr\u00e1 en cuenta que las medidas de seguridad en Internet no son absolutamente inviolables.<\/p>\n<p><strong>Menores<\/strong><\/p>\n<p>VELAMONT proh\u00edbe el uso de sus servicios web a los usuarios menores de 16 a\u00f1os, previo consentimiento expreso de sus padres o tutores.<\/p>\n<p><strong>Anal\u00edtica web<\/strong><\/p>\n<p>Este sitio web utiliza diversos m\u00e9todos anal\u00edticos para comprender c\u00f3mo lo busca, accede y utiliza el p\u00fablico. Estas anal\u00edticas pueden implicar la recopilaci\u00f3n de datos personales como la direcci\u00f3n IP, la ubicaci\u00f3n de la conexi\u00f3n, informaci\u00f3n sobre el software o hardware de navegaci\u00f3n, etc. Esta informaci\u00f3n no se asocia a los usuarios y se utiliza con el \u00fanico fin de obtener informaci\u00f3n estad\u00edstica sobre el uso del sitio web de la empresa.<\/p>\n<p><strong>Uso de caracter\u00edsticas y complementos de terceros<\/strong><\/p>\n<p>Este sitio web puede incorporar funciones y complementos proporcionados por terceros para diferentes fines, tales como: anal\u00edtica web de terceros, mapas de terceros, v\u00eddeos de terceros, compartir en redes sociales; etc.<\/p>\n<p>Una funci\u00f3n o complemento de terceros establece una conexi\u00f3n directa entre el navegador del usuario y los dominios de Internet controlados por el tercero, lo que permite descargar y ejecutar la funci\u00f3n.<\/p>\n<p>Asimismo, la mayor\u00eda de los plugins de terceros recopilan las p\u00e1ginas que visitan los usuarios para conocer sus intereses y poder ofrecerles publicidad a medida.<\/p>\n<p><strong>Uso de la funci\u00f3n Google Analytics proporcionada por Google, Inc.<\/strong><\/p>\n<p>Este sitio web integra funciones anal\u00edticas de Google Inc (1600 AMPHITHEATRE PARKWAY, MOUNTAIN VIEW, CALIF\u00d2RNIA, EE.UU.) para comprender c\u00f3mo lo buscan, acceden y utilizan los usuarios. Por lo tanto, al utilizar este sitio web, el navegador del usuario establece una conexi\u00f3n directa con los servidores del dominio de Internet google.com y otros dominios de Google. Esto permite a Google registrar la actividad del usuario, as\u00ed como informaci\u00f3n sobre su direcci\u00f3n IP. Google Analytics utiliza cookies persistentes para recopilar estad\u00edsticas an\u00f3nimas sobre el uso de este sitio web, de acuerdo con la siguiente pol\u00edtica de privacidad: <a href=\"https:\/\/www.google.com\/analytics\/learn\/privacy.html?hl=es.\">https:\/\/www.google.com\/analytics\/learn\/privacy.html?hl=es.<\/a> Al utilizar este website Usted consiente el tratamiento de informaci\u00f3n acerca de Usted por Google en la forma y para los fines arriba indicados.<\/p>\n<p><strong>Uso de las funciones proporcionadas por Google, Inc.<\/strong><\/p>\n<p>Este sitio web integra funciones de Google Inc (1600 AMPHITHEATRE PARKWAY, MOUNTAIN VIEW, CALIFORNIA, EE.UU.), con v\u00eddeos de Youtube, mapas y botones \u00ab+1\u00bb. Por lo tanto, al utilizar la web, el navegador del usuario establece una conexi\u00f3n directa con los servidores del dominio de Internet google.com y otros dominios de Google. Esto permite a Google saber que el usuario ha visitado el sitio web desde su direcci\u00f3n IP. Google utiliza cookies persistentes, almacenamiento local y almacenamiento Flash local en el dispositivo del usuario para diversos fines, incluida la recopilaci\u00f3n de la actividad del usuario en Internet para ofrecer publicidad dirigida, de acuerdo con sus pol\u00edticas de privacidad: <a href=\"http:\/\/www.google.es\/intl\/es\/policies\/privacy\/\">http:\/\/www.google.es\/intl\/es\/policies\/privacy\/.<\/a> Al utilizar este website Usted consiente el tratamiento de informaci\u00f3n acerca de Usted por Google en la forma y para los fines arriba indicados.<\/p>\n<\/div><\/div><\/div><\/div><\/div>\n","protected":false},"excerpt":{"rendered":"","protected":false},"author":2,"featured_media":0,"parent":0,"menu_order":0,"comment_status":"closed","ping_status":"closed","template":"","meta":{"footnotes":""},"class_list":["post-3007","page","type-page","status-publish","hentry"],"yoast_head":"<!-- This site is optimized with the Yoast SEO plugin v27.0 - https:\/\/yoast.com\/product\/yoast-seo-wordpress\/ -->\n<title>Pol\u00edtica de privacidad - Velamont<\/title>\n<meta name=\"description\" content=\"Pol\u00edtica de privacidadEl uso de este sitio web y sus formularios requiere la aceptaci\u00f3n del tratamiento de los datos del usuario de ...\" \/>\n<meta name=\"robots\" content=\"index, follow, max-snippet:-1, max-image-preview:large, max-video-preview:-1\" \/>\n<link rel=\"canonical\" href=\"https:\/\/www.velamont.com\/es\/politica-de-privacidad\/\" \/>\n<meta property=\"og:locale\" content=\"es_ES\" \/>\n<meta property=\"og:type\" content=\"article\" \/>\n<meta property=\"og:title\" content=\"Pol\u00edtica de privacidad - Velamont\" \/>\n<meta property=\"og:description\" content=\"Pol\u00edtica de privacidadEl uso de este sitio web y sus formularios requiere la aceptaci\u00f3n del tratamiento de los datos del usuario de ...\" \/>\n<meta property=\"og:url\" content=\"https:\/\/www.velamont.com\/es\/politica-de-privacidad\/\" \/>\n<meta property=\"og:site_name\" content=\"Velamont\" \/>\n<meta property=\"article:publisher\" content=\"https:\/\/www.facebook.com\/profile.php?id=100091769696948\" \/>\n<meta property=\"article:modified_time\" content=\"2024-10-15T18:27:17+00:00\" \/>\n<meta name=\"twitter:card\" content=\"summary_large_image\" \/>\n<meta name=\"twitter:title\" content=\"Pol\u00edtica de privacidad - Velamont\" \/>\n<meta name=\"twitter:description\" content=\"Pol\u00edtica de privacidadEl uso de este sitio web y sus formularios requiere la aceptaci\u00f3n del tratamiento de los datos del usuario de ...\" \/>\n<meta name=\"twitter:label1\" content=\"Tiempo de lectura\" \/>\n\t<meta name=\"twitter:data1\" content=\"7 minutos\" \/>\n<script type=\"application\/ld+json\" class=\"yoast-schema-graph\">{\"@context\":\"https:\/\/schema.org\",\"@graph\":[{\"@type\":\"WebPage\",\"@id\":\"https:\/\/www.velamont.com\/es\/politica-de-privacidad\/\",\"url\":\"https:\/\/www.velamont.com\/es\/politica-de-privacidad\/\",\"name\":\"Pol\u00edtica de privacidad - Velamont\",\"isPartOf\":{\"@id\":\"https:\/\/www.velamont.com\/#website\"},\"datePublished\":\"2023-08-14T16:45:23+00:00\",\"dateModified\":\"2024-10-15T18:27:17+00:00\",\"description\":\"Pol\u00edtica de privacidadEl uso de este sitio web y sus formularios requiere la aceptaci\u00f3n del tratamiento de los datos del usuario de ...\",\"breadcrumb\":{\"@id\":\"https:\/\/www.velamont.com\/es\/politica-de-privacidad\/#breadcrumb\"},\"inLanguage\":\"es\",\"potentialAction\":[{\"@type\":\"ReadAction\",\"target\":[\"https:\/\/www.velamont.com\/es\/politica-de-privacidad\/\"]}]},{\"@type\":\"BreadcrumbList\",\"@id\":\"https:\/\/www.velamont.com\/es\/politica-de-privacidad\/#breadcrumb\",\"itemListElement\":[{\"@type\":\"ListItem\",\"position\":1,\"name\":\"Inici\",\"item\":\"https:\/\/www.velamont.com\/es\/inicio\/\"},{\"@type\":\"ListItem\",\"position\":2,\"name\":\"Pol\u00edtica de privacidad\"}]},{\"@type\":\"WebSite\",\"@id\":\"https:\/\/www.velamont.com\/#website\",\"url\":\"https:\/\/www.velamont.com\/\",\"name\":\"Velamont\",\"description\":\"Instal\u00b7lacions i manteniment de tot tipus per particulars i empreses.\",\"publisher\":{\"@id\":\"https:\/\/www.velamont.com\/#organization\"},\"potentialAction\":[{\"@type\":\"SearchAction\",\"target\":{\"@type\":\"EntryPoint\",\"urlTemplate\":\"https:\/\/www.velamont.com\/?s={search_term_string}\"},\"query-input\":{\"@type\":\"PropertyValueSpecification\",\"valueRequired\":true,\"valueName\":\"search_term_string\"}}],\"inLanguage\":\"es\"},{\"@type\":\"Organization\",\"@id\":\"https:\/\/www.velamont.com\/#organization\",\"name\":\"Velamont S.L.\",\"url\":\"https:\/\/www.velamont.com\/\",\"logo\":{\"@type\":\"ImageObject\",\"inLanguage\":\"es\",\"@id\":\"https:\/\/www.velamont.com\/#\/schema\/logo\/image\/\",\"url\":\"https:\/\/www.velamont.com\/wp-content\/uploads\/2023\/06\/Logo_velamont_verd_269x102-e1686761692886.png\",\"contentUrl\":\"https:\/\/www.velamont.com\/wp-content\/uploads\/2023\/06\/Logo_velamont_verd_269x102-e1686761692886.png\",\"width\":200,\"height\":76,\"caption\":\"Velamont S.L.\"},\"image\":{\"@id\":\"https:\/\/www.velamont.com\/#\/schema\/logo\/image\/\"},\"sameAs\":[\"https:\/\/www.facebook.com\/profile.php?id=100091769696948\",\"https:\/\/www.instagram.com\/instalvelamont\/\",\"https:\/\/www.linkedin.com\/company\/velamont-installacions-s-l\/\"]}]}<\/script>\n<!-- \/ Yoast SEO plugin. -->","yoast_head_json":{"title":"Pol\u00edtica de privacidad - Velamont","description":"Pol\u00edtica de privacidadEl uso de este sitio web y sus formularios requiere la aceptaci\u00f3n del tratamiento de los datos del usuario de ...","robots":{"index":"index","follow":"follow","max-snippet":"max-snippet:-1","max-image-preview":"max-image-preview:large","max-video-preview":"max-video-preview:-1"},"canonical":"https:\/\/www.velamont.com\/es\/politica-de-privacidad\/","og_locale":"es_ES","og_type":"article","og_title":"Pol\u00edtica de privacidad - Velamont","og_description":"Pol\u00edtica de privacidadEl uso de este sitio web y sus formularios requiere la aceptaci\u00f3n del tratamiento de los datos del usuario de ...","og_url":"https:\/\/www.velamont.com\/es\/politica-de-privacidad\/","og_site_name":"Velamont","article_publisher":"https:\/\/www.facebook.com\/profile.php?id=100091769696948","article_modified_time":"2024-10-15T18:27:17+00:00","twitter_card":"summary_large_image","twitter_title":"Pol\u00edtica de privacidad - Velamont","twitter_description":"Pol\u00edtica de privacidadEl uso de este sitio web y sus formularios requiere la aceptaci\u00f3n del tratamiento de los datos del usuario de ...","twitter_misc":{"Tiempo de lectura":"7 minutos"},"schema":{"@context":"https:\/\/schema.org","@graph":[{"@type":"WebPage","@id":"https:\/\/www.velamont.com\/es\/politica-de-privacidad\/","url":"https:\/\/www.velamont.com\/es\/politica-de-privacidad\/","name":"Pol\u00edtica de privacidad - Velamont","isPartOf":{"@id":"https:\/\/www.velamont.com\/#website"},"datePublished":"2023-08-14T16:45:23+00:00","dateModified":"2024-10-15T18:27:17+00:00","description":"Pol\u00edtica de privacidadEl uso de este sitio web y sus formularios requiere la aceptaci\u00f3n del tratamiento de los datos del usuario de ...","breadcrumb":{"@id":"https:\/\/www.velamont.com\/es\/politica-de-privacidad\/#breadcrumb"},"inLanguage":"es","potentialAction":[{"@type":"ReadAction","target":["https:\/\/www.velamont.com\/es\/politica-de-privacidad\/"]}]},{"@type":"BreadcrumbList","@id":"https:\/\/www.velamont.com\/es\/politica-de-privacidad\/#breadcrumb","itemListElement":[{"@type":"ListItem","position":1,"name":"Inici","item":"https:\/\/www.velamont.com\/es\/inicio\/"},{"@type":"ListItem","position":2,"name":"Pol\u00edtica de privacidad"}]},{"@type":"WebSite","@id":"https:\/\/www.velamont.com\/#website","url":"https:\/\/www.velamont.com\/","name":"Velamont","description":"Instal\u00b7lacions i manteniment de tot tipus per particulars i empreses.","publisher":{"@id":"https:\/\/www.velamont.com\/#organization"},"potentialAction":[{"@type":"SearchAction","target":{"@type":"EntryPoint","urlTemplate":"https:\/\/www.velamont.com\/?s={search_term_string}"},"query-input":{"@type":"PropertyValueSpecification","valueRequired":true,"valueName":"search_term_string"}}],"inLanguage":"es"},{"@type":"Organization","@id":"https:\/\/www.velamont.com\/#organization","name":"Velamont S.L.","url":"https:\/\/www.velamont.com\/","logo":{"@type":"ImageObject","inLanguage":"es","@id":"https:\/\/www.velamont.com\/#\/schema\/logo\/image\/","url":"https:\/\/www.velamont.com\/wp-content\/uploads\/2023\/06\/Logo_velamont_verd_269x102-e1686761692886.png","contentUrl":"https:\/\/www.velamont.com\/wp-content\/uploads\/2023\/06\/Logo_velamont_verd_269x102-e1686761692886.png","width":200,"height":76,"caption":"Velamont S.L."},"image":{"@id":"https:\/\/www.velamont.com\/#\/schema\/logo\/image\/"},"sameAs":["https:\/\/www.facebook.com\/profile.php?id=100091769696948","https:\/\/www.instagram.com\/instalvelamont\/","https:\/\/www.linkedin.com\/company\/velamont-installacions-s-l\/"]}]}},"_links":{"self":[{"href":"https:\/\/www.velamont.com\/es\/wp-json\/wp\/v2\/pages\/3007","targetHints":{"allow":["GET"]}}],"collection":[{"href":"https:\/\/www.velamont.com\/es\/wp-json\/wp\/v2\/pages"}],"about":[{"href":"https:\/\/www.velamont.com\/es\/wp-json\/wp\/v2\/types\/page"}],"author":[{"embeddable":true,"href":"https:\/\/www.velamont.com\/es\/wp-json\/wp\/v2\/users\/2"}],"replies":[{"embeddable":true,"href":"https:\/\/www.velamont.com\/es\/wp-json\/wp\/v2\/comments?post=3007"}],"version-history":[{"count":3,"href":"https:\/\/www.velamont.com\/es\/wp-json\/wp\/v2\/pages\/3007\/revisions"}],"predecessor-version":[{"id":3868,"href":"https:\/\/www.velamont.com\/es\/wp-json\/wp\/v2\/pages\/3007\/revisions\/3868"}],"wp:attachment":[{"href":"https:\/\/www.velamont.com\/es\/wp-json\/wp\/v2\/media?parent=3007"}],"curies":[{"name":"wp","href":"https:\/\/api.w.org\/{rel}","templated":true}]}}